{"id":2188,"date":"2022-06-21T15:44:42","date_gmt":"2022-06-21T15:44:42","guid":{"rendered":"https:\/\/teamq.biz\/startseite\/"},"modified":"2026-01-12T21:49:45","modified_gmt":"2026-01-12T21:49:45","slug":"startseite","status":"publish","type":"page","link":"https:\/\/teamq.biz\/de\/","title":{"rendered":"Startseite"},"content":{"rendered":"<div class=\"wpb-content-wrapper\"><p>[vc_row full_width=&#8220;stretch_row_content_no_spaces&#8220; equal_height=&#8220;yes&#8220; content_placement=&#8220;middle&#8220; css=&#8220;.vc_custom_1657161270862{background-image: url(https:\/\/teamq.biz\/wp-content\/uploads\/home-sl-mainv2.jpg?id=121) !important;background-position: center !important;background-repeat: no-repeat !important;background-size: cover !important;}&#8220; el_class=&#8220;mainHero hide-all&#8220;][vc_column width=&#8220;5\/12&#8243; offset=&#8220;vc_col-xs-offset-1 vc_col-xs-10&#8243;][vc_empty_space height=&#8220;450px&#8220;][vc_column_text]<span class=\"subtitle tq--whiteColor\">Webentwicklung<\/span>[\/vc_column_text][\/vc_column][vc_column width=&#8220;1\/3&#8243; offset=&#8220;vc_col-sm-offset-1 vc_col-xs-offset-1 vc_col-xs-10&#8243;][vc_single_image image=&#8220;1520&#8243; img_size=&#8220;large&#8220;][\/vc_column][\/vc_row][vc_row el_class=&#8220;snapRow&#8220;][vc_column css=&#8220;.vc_custom_1657820729749{padding-top: 0px !important;}&#8220;]\n\t\t\t\t<p class=\"rs-p-wp-fix\"><\/p>\n\t\t\t\t<sr7-module data-alias=\"home-slider\" data-id=\"1\" id=\"SR7_1_1\" class=\"rs-ov-hidden\" data-version=\"6.7.52\">\n\t\t\t\t\t<sr7-adjuster><\/sr7-adjuster>\n\t\t\t\t\t<sr7-content>\n\t\t\t\t\t\t<sr7-slide id=\"SR7_1_1-3\" data-key=\"3\">\n\t\t\t\t\t\t\t<sr7-bg id=\"SR7_1_1-3-7\" class=\"sr7-layer\"><noscript><img decoding=\"async\" src=\"https:\/\/teamq.biz\/wp-content\/uploads\/fondonuevo-1-1.png\" alt=\"\" title=\"fondonuevo (1) (1)\"><\/noscript><\/sr7-bg>\n\t\t\t\t\t\t\t<h1 id=\"SR7_1_1-3-4\" class=\"sr7-layer\">AI based digital solutions<\/h1>\n\t\t\t\t\t\t\t<sr7-txt id=\"SR7_1_1-3-5\" class=\"sr7-layer\"><i class=\"fa fa-angle-down\"><\/i><\/sr7-txt>\n\t\t\t\t\t\t\t<p id=\"SR7_1_1-3-6\" class=\"sr7-layer\">#YourFairQualityPartner<\/p>\n\t\t\t\t\t\t<\/sr7-slide>\n\t\t\t\t\t\t<sr7-slide id=\"SR7_1_1-5\" data-key=\"5\">\n\t\t\t\t\t\t<\/sr7-slide>\n\t\t\t\t\t<\/sr7-content>\n\t\t\t\t\t<image_lists style=\"display:none\">\n\t\t\t\t\t\t<img data-src=\"\/\/teamq.biz\/wp-content\/uploads\/logo_teamq_es.png\" data-libid=\"68757\" data-lib=\"medialibrary\" title=\"logo_teamq_es\" width=\"0\" height=\"0\" data-dbsrc=\"Ly90ZWFtcS5iaXovd3AtY29udGVudC91cGxvYWRzL2xvZ29fdGVhbXFfZXMucG5n\"\/>\n\t\t\t\t\t\t<img data-src=\"\/\/teamq.biz\/wp-content\/uploads\/planet-v5-1.webp\" data-libid=\"84686\" data-lib=\"medialibrary\" title=\"planet-v5-1\" width=\"0\" height=\"0\" data-dbsrc=\"Ly90ZWFtcS5iaXovd3AtY29udGVudC91cGxvYWRzL3BsYW5ldC12NS0xLndlYnA=\"\/>\n\t\t\t\t\t\t<img data-src=\"\/\/teamq.biz\/wp-content\/uploads\/home-slRev-letras.png\" data-libid=\"997\" data-lib=\"medialibrary\" alt=\"Home banner\" title=\"Home banner\" width=\"0\" height=\"0\" data-dbsrc=\"Ly90ZWFtcS5iaXovd3AtY29udGVudC91cGxvYWRzL2hvbWUtc2xSZXYtbGV0cmFzLnBuZw==\"\/>\n\t\t\t\t\t\t<img loading=\"lazy\" data-src=\"\/\/teamq.biz\/wp-content\/uploads\/fondonuevo-1-1.png\" data-libid=\"74527\" data-lib=\"medialibrary\" width=\"0\" height=\"0\" data-dbsrc=\"Ly90ZWFtcS5iaXovd3AtY29udGVudC91cGxvYWRzL2ZvbmRvbnVldm8tMS0xLnBuZw==\"\/>\n\t\t\t\t\t\t<img loading=\"lazy\" data-src=\"\/\/teamq.biz\/wp-content\/uploads\/logo_teamq_de.png\" data-libid=\"68763\" data-lib=\"medialibrary\" title=\"logo_teamq_de\" width=\"0\" height=\"0\" data-dbsrc=\"Ly90ZWFtcS5iaXovd3AtY29udGVudC91cGxvYWRzL2xvZ29fdGVhbXFfZGUucG5n\"\/>\n\t\t\t\t\t\t<img loading=\"lazy\" data-src=\"\/\/teamq.biz\/wp-content\/uploads\/logo_teamq_en.png\" data-libid=\"68760\" data-lib=\"medialibrary\" title=\"logo_teamq_en\" width=\"0\" height=\"0\" data-dbsrc=\"Ly90ZWFtcS5iaXovd3AtY29udGVudC91cGxvYWRzL2xvZ29fdGVhbXFfZW4ucG5n\"\/>\n\t\t\t\t\t<\/image_lists>\n\t\t\t\t<\/sr7-module>\n\t\t\t\t<script>\n\t\t\t\t\twindow.SR7 ??={};SR7.PMH ??={}; SR7.PMH[\"SR7_1_1\"] = {cn:100,state:false,fn: function() { if (window._tpt!==undefined && window._tpt.prepareModuleHeight !== undefined) {  _tpt.prepareModuleHeight({id:\"SR7_1_1\",el:[900,900,900,900,720],type:'standard',shdw:'0',gh:[900,900,900,900,720],gw:[1240,1240,1240,1240,480],vpt:['-200px&#039;,&#039;-200px&#039;,&#039;-200px&#039;,&#039;-200px&#039;,&#039;-200px'],size:{fullWidth:true, fullHeight:true},fho:'',mh:'0',onh:0,onw:0,bg:{color:'{\"orig\":\"transparent\",\"type\":\"solid\",\"string\":\"transparent\"}'}});   SR7.PMH[\"SR7_1_1\"].state=true;} else if(SR7.PMH[\"SR7_1_1\"].cn-->0)\tsetTimeout( SR7.PMH[\"SR7_1_1\"].fn,19);}};SR7.PMH[\"SR7_1_1\" ].fn();\n\t\t\t\t<\/script>\n[\/vc_column][\/vc_row][vc_row full_width=&#8220;stretch_row_content&#8220; content_placement=&#8220;middle&#8220; css=&#8220;.vc_custom_1768239354912{padding-top: 50px !important;padding-bottom: 75px !important;background-color: #001122 !important;}&#8220; el_id=&#8220;wir&#8220; el_class=&#8220;snapRow customFullHeight&#8220;][vc_column width=&#8220;5\/6&#8243; offset=&#8220;vc_col-lg-offset-1 vc_col-lg-5 vc_col-md-offset-0 vc_col-md-6 vc_col-sm-offset-1&#8243; el_class=&#8220;counters&#8220;][vc_row_inner][vc_column_inner width=&#8220;1\/2&#8243; offset=&#8220;vc_col-xs-6&#8243;]<div class=\"counter counter_vertical animate-math\"><div class=\"desc_wrapper\"><div class=\"number-wrapper\"><span class=\"number\" data-to=\"75\"  >75<\/span><span class=\"label postfix\">+<\/span><\/div><p class=\"title \">Kunden<\/p><\/div><\/div>\n[\/vc_column_inner][vc_column_inner width=&#8220;1\/2&#8243; offset=&#8220;vc_col-xs-6&#8243;]<div class=\"counter counter_vertical animate-math\"><div class=\"desc_wrapper\"><div class=\"number-wrapper\"><span class=\"number\" data-to=\"97\"  >97<\/span><span class=\"label postfix\">%<\/span><\/div><p class=\"title \">Zufriedenheit<\/p><\/div><\/div>\n[\/vc_column_inner][vc_column_inner][\/vc_column_inner][vc_column_inner width=&#8220;1\/2&#8243; offset=&#8220;vc_col-xs-6&#8243;]<div class=\"counter counter_vertical animate-math\"><div class=\"desc_wrapper\"><div class=\"number-wrapper\"><span class=\"number\" data-to=\"200\"  >200<\/span><span class=\"label postfix\">+<\/span><\/div><p class=\"title \">Projekte<\/p><\/div><\/div>\n[\/vc_column_inner][vc_column_inner width=&#8220;1\/2&#8243; offset=&#8220;vc_col-xs-6&#8243;]<div class=\"counter counter_vertical animate-math\"><div class=\"desc_wrapper\"><div class=\"number-wrapper\"><span class=\"number\" data-to=\"7\"  >7<\/span><\/div><p class=\"title \">L\u00e4nder<\/p><\/div><\/div>\n[\/vc_column_inner][vc_column_inner][\/vc_column_inner][vc_column_inner width=&#8220;1\/2&#8243; offset=&#8220;vc_col-xs-6&#8243;]<div class=\"counter counter_vertical animate-math\"><div class=\"desc_wrapper\"><div class=\"number-wrapper\"><span class=\"number\" data-to=\"30\"  >30<\/span><span class=\"label postfix\">+<\/span><\/div><p class=\"title \">Team<\/p><\/div><\/div>\n[\/vc_column_inner][vc_column_inner width=&#8220;1\/2&#8243; offset=&#8220;vc_col-xs-6&#8243;]<div class=\"counter counter_vertical animate-math\"><div class=\"desc_wrapper\"><div class=\"number-wrapper\"><span class=\"number\" data-to=\"10\"  >10<\/span><span class=\"label postfix\">+<\/span><\/div><p class=\"title \">Jahre am Markt<\/p><\/div><\/div>\n[\/vc_column_inner][\/vc_row_inner][\/vc_column][vc_column width=&#8220;5\/6&#8243; offset=&#8220;vc_col-lg-offset-0 vc_col-lg-5 vc_col-md-offset-0 vc_col-md-6 vc_col-sm-offset-1&#8243; el_class=&#8220;tq&#8211;paddingM&#8220;][vc_empty_space height=&#8220;35px&#8220; el_class=&#8220;vc_hidden-lg&#8220;][vc_column_text el_class=&#8220;tq&#8211;primaryColor tq&#8211;centerText&#8220;]<\/p>\n<h2 class=\"title tq--uppercase\">Wer wir sind?<\/h2>\n<p>[\/vc_column_text][vc_column_text css=&#8220;&#8220; el_class=&#8220;tq&#8211;whiteColor tq&#8211;centerText&#8220;]<\/p>\n<p>TeamQ Developers ist ein Softwareentwicklungsunternehmen aus Ecuador und Deutschland, das intelligente, skalierbare digitale L\u00f6sungen f\u00fcr moderne Unternehmen anbietet.<\/p>\n<p>[\/vc_column_text][vc_column_text el_class=&#8220;tq&#8211;centerText&#8220;]<a class=\"primaryButton\" title=\"uber_uns\" href=\"https:\/\/teamq.biz\/de\/ueber-uns\/ \">MEHR ERFAHREN<\/a>[\/vc_column_text][\/vc_column][\/vc_row][vc_row full_width=&#8220;stretch_row_content&#8220; el_class=&#8220;snapRow&#8220; el_id=&#8220;Leistungen&#8220; css=&#8220;.vc_custom_1768232816344{padding-top: 40px !important;padding-bottom: 40px !important;}&#8220;][vc_column el_class=&#8220;tq&#8211;paddingM&#8220; css=&#8220;.vc_custom_1765379229889{margin-bottom: 0px !important;padding-bottom: 0px !important;}&#8220; offset=&#8220;vc_col-lg-offset-2 vc_col-lg-8 vc_col-md-offset-1 vc_col-md-10&#8243;][vc_row_inner content_placement=&#8220;middle&#8220; css=&#8220;.vc_custom_1655843573300{margin-bottom: 0px !important;}&#8220;][vc_column_inner width=&#8220;2\/3&#8243; offset=&#8220;vc_col-lg-offset-0 vc_col-lg-12 vc_col-md-offset-2 vc_col-sm-offset-2&#8243; css=&#8220;.vc_custom_1765383340268{padding-bottom: 40px !important;}&#8220;][vc_column_text css=&#8220;&#8220; el_class=&#8220;tq&#8211;centerText&#8220;]<\/p>\n<h2 class=\"title tq--primaryColor tq--uppercase\" style=\"text-align: center;\">UNSERE PRODUKTE UND LEISTUNGEN<\/h2>\n<p>[\/vc_column_text][\/vc_column_inner][\/vc_row_inner][vc_row_inner equal_height=&#8220;yes&#8220; el_class=&#8220;hoverBox tq&#8211;noMarginB&#8220; css=&#8220;.vc_custom_1701114313159{margin-bottom: 0px !important;}&#8220;][vc_column_inner width=&#8220;1\/2&#8243; offset=&#8220;vc_col-md-6&#8243;][vc_hoverbox image=&#8220;69773&#8243; primary_title=&#8220;TOOLS F\u00dcR<br \/>\nUNTERNEHMEN&#8220; hover_title=&#8220;&#8220; shape=&#8220;square&#8220; hover_btn_title=&#8220;Mehr lesen&#8220; hover_btn_color=&#8220;danger&#8220; hover_add_button=&#8220;true&#8220; el_class=&#8220;tq&#8211;uppercase&#8220; hover_btn_link=&#8220;url:https%3A%2F%2Fteamq.biz%2Fde%2Funternehmensloesungen%2F&#8220;]Wir entwickeln digitale und intelligente Tools, welche Effizienz steigern, die Zusammenarbeit verbessern und Prozesse optimieren.[\/vc_hoverbox][\/vc_column_inner][vc_column_inner width=&#8220;1\/2&#8243; offset=&#8220;vc_col-md-6&#8243;][vc_hoverbox image=&#8220;69776&#8243; primary_title=&#8220;KI F\u00dcR KLEINE<br \/>\nUNTERNEHMEN&#8220; hover_title=&#8220;&#8220; shape=&#8220;square&#8220; hover_btn_title=&#8220;Mehr lesen&#8220; hover_btn_color=&#8220;danger&#8220; hover_add_button=&#8220;true&#8220; el_class=&#8220;tq&#8211;uppercase&#8220; hover_btn_link=&#8220;url:https%3A%2F%2Fteamq.biz%2Fde%2Funsere-leistungen%2Fki-loesungen-fuer-kleinunternehmen%2F&#8220;]Wir entwickeln Tools mit k\u00fcnstlicher Intelligenz (KI), die speziell f\u00fcr Unternehmer und kleine Unternehmen konzipiert sind.[\/vc_hoverbox][\/vc_column_inner][vc_column_inner el_class=&#8220;vc_hidden-sm&#8220; offset=&#8220;vc_hidden-sm vc_hidden-xs&#8220;][\/vc_column_inner][vc_column_inner width=&#8220;1\/2&#8243; offset=&#8220;vc_col-md-6&#8243;][vc_hoverbox image=&#8220;69779&#8243; primary_title=&#8220;TOOLS F\u00dcR<br \/>\nDEN HANDEL&#8220; hover_title=&#8220;&#8220; shape=&#8220;square&#8220; hover_btn_title=&#8220;Mehr lesen&#8220; hover_btn_color=&#8220;danger&#8220; hover_add_button=&#8220;true&#8220; el_class=&#8220;tq&#8211;uppercase&#8220; hover_btn_link=&#8220;url:https%3A%2F%2Fteamq.biz%2Fde%2Funsere-leistungen%2Fcommerce-tools-die-das-geschaeft-beleben%2F&#8220;]Wir entwickeln digitale L\u00f6sungen, die Ihre Gesch\u00e4ftsaktivit\u00e4ten neue M\u00f6glichkeiten geben.[\/vc_hoverbox][\/vc_column_inner][vc_column_inner width=&#8220;1\/2&#8243; offset=&#8220;vc_col-md-6&#8243;][vc_hoverbox image=&#8220;69782&#8243; primary_title=&#8220;DIENSTLEISTUNGEN&#8220; hover_title=&#8220;&#8220; shape=&#8220;square&#8220; hover_btn_title=&#8220;Mehr lesen&#8220; hover_btn_color=&#8220;danger&#8220; hover_add_button=&#8220;true&#8220; el_class=&#8220;tq&#8211;uppercase&#8220; hover_btn_link=&#8220;url:https%3A%2F%2Fteamq.biz%2Fde%2Funsere-leistungen%2Fskalierbare-it-und-design-services%2F&#8220;]Unsere Dienstleistung erm\u00f6glichen es Ihnen Ihr Gesch\u00e4ft erfolgreich auszubauen.[\/vc_hoverbox][\/vc_column_inner][\/vc_row_inner][\/vc_column][\/vc_row][vc_row full_width=&#8220;stretch_row_content_no_spaces&#8220; css=&#8220;.vc_custom_1657822567040{padding-top: 20px !important;padding-bottom: 35px !important;background-color: #e6e6e6 !important;}&#8220; el_class=&#8220;snapRow customFullHeight&#8220; el_id=&#8220;F\u00e4lle&#8220;][vc_column][vc_row_inner content_placement=&#8220;middle&#8220; css=&#8220;.vc_custom_1656294165698{margin-bottom: 0px !important;}&#8220;][vc_column_inner width=&#8220;2\/3&#8243; offset=&#8220;vc_col-lg-offset-1 vc_col-lg-10 vc_col-md-offset-1 vc_col-md-10 vc_col-sm-offset-2&#8243;][vc_column_text el_class=&#8220;tq&#8211;primaryColor tq&#8211;centerText&#8220;]<\/p>\n<h2 class=\"title tq--uppercase\">Unsere Kunden<\/h2>\n<p>[\/vc_column_text][vc_empty_space height=&#8220;10px&#8220;][vc_raw_html css=&#8220;&#8220;]JTNDZGl2JTIwY2xhc3MlM0QlMjJjYXNlT2ZTdWNjZXNzJTIyJTNFJTBBJTIwJTIwJTIwJTIwJTNDdWwlM0UlMEElMjAlMjAlMjAlMjAlMjAlMjAlM0NsaSUzRSUzQ2ElMjB0aXRsZSUzRCUyMkFjZXJvJTIwZGUlMjBsb3MlMjBBbmRlcyUyMiUyMGlkJTNEJTIyJTIyJTIwdGFyZ2V0JTNEJTIyX2JsYW5rJTIyJTNFJTNDaW1nJTIwc3JjJTNEJTIyJTJGd3AtY29udGVudCUyRnVwbG9hZHMlMkZsb2dvLWFjZXJvcy5wbmclMjIlMjB0aXRsZSUzRCUyMkFjZXJvJTIwZGUlMjBsb3MlMjBBbmRlcyUyMiUyMGFsdCUzRCUyMkxvZ28lMjBDYXNvJTIwZGUlMjBleGl0byUyMiUyMCUyRiUzRSUzQyUyRmElM0UlM0MlMkZsaSUzRSUwQSUyMCUyMCUyMCUyMCUyMCUyMCUzQ2xpJTNFJTNDYSUyMHRpdGxlJTNEJTIyQUhLJTIyJTIwaHJlZiUzRCUyMiUyRmNhc29zLWRlLWV4aXRvJTJGJTIzcm93LWNhcmRzX0NFJTIyJTIwaWQlM0QlMjIlMjIlMjB0YXJnZXQlM0QlMjJfYmxhbmslMjIlM0UlM0NpbWclMjBzcmMlM0QlMjIlMkZ3cC1jb250ZW50JTJGdXBsb2FkcyUyRmFoay1sb2dvLnBuZyUyMiUyMHRpdGxlJTNEJTIyQUhLJTIyJTIwYWx0JTNEJTIyTG9nbyUyMENhc28lMjBkZSUyMGV4aXRvJTIyJTIwJTJGJTNFJTNDJTJGYSUzRSUzQyUyRmxpJTNFJTBBJTIwJTIwJTIwJTIwJTIwJTIwJTNDbGklM0UlM0NhJTIwdGl0bGUlM0QlMjJBbnRlcmElMjIlMjBpZCUzRCUyMnBvcF9hbnRlcmElMjIlMjB0YXJnZXQlM0QlMjJfYmxhbmslMjIlM0UlM0NpbWclMjBzcmMlM0QlMjJodHRwcyUzQSUyRiUyRnRlYW1xLmJpeiUyRndwLWNvbnRlbnQlMkZ1cGxvYWRzJTJGYW50ZXJhc29mdHdhcmUtbG9nby5wbmclMjIlMjB0aXRsZSUzRCUyMkFudGVyYSUyMiUyMGFsdCUzRCUyMkxvZ28lMjBDYXNvJTIwZGUlMjBleGl0byUyMiUyMCUyRiUzRSUzQyUyRmElM0UlM0MlMkZsaSUzRSUwQSUyMCUyMCUyMCUyMCUyMCUyMCUzQ2xpJTNFJTNDYSUyMHRpdGxlJTNEJTIyQ2hhb3MlMjBQb2ludCUyMEFkdmlzb3J5JTIyJTIwaHJlZiUzRCUyMiUyRmNhc29zLWRlLWV4aXRvJTJGJTIzcm93LWNhcmRzX0NFJTIyJTIwaWQlM0QlMjIlMjIlMjB0YXJnZXQlM0QlMjJfYmxhbmslMjIlM0UlM0NpbWclMjBzcmMlM0QlMjIlMkZ3cC1jb250ZW50JTJGdXBsb2FkcyUyRlJvRWNKMy5wbmclMjIlMjB0aXRsZSUzRCUyMkNoYW9zJTIwUG9pbnQlMjBBZHZpc29yeSUyMiUyMGFsdCUzRCUyMkxvZ28lMjBDYXNvJTIwZGUlMjBleGl0byUyMiUyMCUyRiUzRSUzQyUyRmElM0UlM0MlMkZsaSUzRSUwQSUyMCUyMCUyMCUyMCUyMCUyMCUzQ2xpJTNFJTNDYSUyMHRpdGxlJTNEJTIyQ292ZXJNZWRpYSUyMiUyMGlkJTNEJTIyJTIyJTIwdGFyZ2V0JTNEJTIyX2JsYW5rJTIyJTNFJTNDaW1nJTIwc3JjJTNEJTIyJTJGd3AtY29udGVudCUyRnVwbG9hZHMlMkZsb2dvLWNvdmVyLW4ucG5nJTIyJTIwdGl0bGUlM0QlMjJDb3Zlck1lZGlhJTIyJTIwYWx0JTNEJTIyTG9nbyUyMENhc28lMjBkZSUyMGV4aXRvJTIyJTIwJTJGJTNFJTNDJTJGYSUzRSUzQyUyRmxpJTNFJTBBJTIwJTIwJTIwJTIwJTIwJTIwJTNDbGklM0UlM0NhJTIwdGl0bGUlM0QlMjJLRG9yZnphdW4lMjIlMjBpZCUzRCUyMnBvcC1kb3JmJTIyJTIwdGFyZ2V0JTNEJTIyX2JsYW5rJTIyJTNFJTNDaW1nJTIwc3JjJTNEJTIyJTJGd3AtY29udGVudCUyRnVwbG9hZHMlMkZjZS0xNi5wbmclMjIlMjB0aXRsZSUzRCUyMktEb3JmemF1biUyMiUyMGFsdCUzRCUyMkxvZ28lMjBDYXNvJTIwZGUlMjBleGl0byUyMiUyMCUyRiUzRSUzQyUyRmElM0UlM0MlMkZsaSUzRSUwQSUyMCUyMCUyMCUyMCUyMCUyMCUzQ2xpJTNFJTNDYSUyMHRpdGxlJTNEJTIyRWZmZWN0aXZlJTIwV2Vid29yayUyMiUyMGlkJTNEJTIycG9wX2VmZmVjdGl2ZXd3JTIyJTIwdGFyZ2V0JTNEJTIyX2JsYW5rJTIyJTNFJTNDaW1nJTIwc3JjJTNEJTIyJTJGd3AtY29udGVudCUyRnVwbG9hZHMlMkZHcnVwby01NTEucG5nJTIyJTIwdGl0bGUlM0QlMjJFZmZlY3RpdmUlMjBXZWJ3b3JrJTIyJTIwYWx0JTNEJTIyTG9nbyUyMENhc28lMjBkZSUyMGV4aXRvJTIyJTIwJTJGJTNFJTNDJTJGYSUzRSUzQyUyRmxpJTNFJTBBJTIwJTIwJTIwJTIwJTIwJTIwJTNDbGklM0UlM0NhJTIwdGl0bGUlM0QlMjJFbmVyZ3lOb3clMjIlMjBpZCUzRCUyMiUyMiUyMHRhcmdldCUzRCUyMl9ibGFuayUyMiUzRSUzQ2ltZyUyMHNyYyUzRCUyMiUyRndwLWNvbnRlbnQlMkZ1cGxvYWRzJTJGbG9nby1lbmVyZ3lub3cucG5nJTIyJTIwdGl0bGUlM0QlMjJFbmVyZ3lOb3clMjIlMjBhbHQlM0QlMjJMb2dvJTIwQ2FzbyUyMGRlJTIwZXhpdG8lMjIlMjAlMkYlM0UlM0MlMkZhJTNFJTNDJTJGbGklM0UlMEElMjAlMjAlMjAlMjAlMjAlMjAlM0NsaSUzRSUzQ2ElMjB0aXRsZSUzRCUyMiUyMiUyMGlkJTNEJTIyRmxpZ2h0d2lyZSUyMiUyMHRhcmdldCUzRCUyMl9ibGFuayUyMiUzRSUzQ2ltZyUyMHNyYyUzRCUyMiUyRndwLWNvbnRlbnQlMkZ1cGxvYWRzJTJGbG9nby1mbGlnaHR3aXJlLnBuZyUyMiUyMHRpdGxlJTNEJTIyRmxpZ2h0d2lyZSUyMiUyMGFsdCUzRCUyMkxvZ28lMjBDYXNvJTIwZGUlMjBleGl0byUyMiUyMCUyRiUzRSUzQyUyRmElM0UlM0MlMkZsaSUzRSUwQSUyMCUyMCUyMCUyMCUyMCUyMCUzQ2xpJTIwY2xhc3MlM0QlMjJjYXNldGVzdCUyMiUzRSUzQ2ElMjB0aXRsZSUzRCUyMkdhdW1lbiUyMEZyZXVuZGUlMjIlMjBpZCUzRCUyMnBvcF9nYXVtZW4lMjIlMjB0YXJnZXQlM0QlMjJfYmxhbmslMjIlM0UlM0NpbWclMjBzcmMlM0QlMjIlMkZ3cC1jb250ZW50JTJGdXBsb2FkcyUyRkdydXBvLTU0OS5wbmclMjIlMjB0aXRsZSUzRCUyMkdhdW1lbiUyMEZyZXVuZGUlMjIlMjBhbHQlM0QlMjJMb2dvJTIwQ2FzbyUyMGRlJTIwZXhpdG8lMjIlMjAlMkYlM0UlM0MlMkZhJTNFJTNDJTJGbGklM0UlMEElMjAlMjAlMjAlMjAlMjAlMjAlM0NsaSUzRSUzQ2ElMjB0aXRsZSUzRCUyMkhlYWx0aEhlcm8lMjIlMjBpZCUzRCUyMiUyMiUyMHRhcmdldCUzRCUyMl9ibGFuayUyMiUzRSUzQ2ltZyUyMHNyYyUzRCUyMiUyRndwLWNvbnRlbnQlMkZ1cGxvYWRzJTJGbG9nby1oaC5wbmclMjIlMjB0aXRsZSUzRCUyMkhlYWx0aEhlcm8lMjIlMjBhbHQlM0QlMjJMb2dvJTIwQ2FzbyUyMGRlJTIwZXhpdG8lMjIlMjAlMkYlM0UlM0MlMkZhJTNFJTNDJTJGbGklM0UlMEElMjAlMjAlMjAlMjAlMjAlMjAlM0NsaSUzRSUzQ2ElMjB0aXRsZSUzRCUyMmlEZXNpZ24lMjIlMjBpZCUzRCUyMiUyMiUyMHRhcmdldCUzRCUyMl9ibGFuayUyMiUzRSUzQ2ltZyUyMHNyYyUzRCUyMiUyRndwLWNvbnRlbnQlMkZ1cGxvYWRzJTJGbG9nby1pZGVzaWduLnBuZyUyMiUyMHRpdGxlJTNEJTIyaURlc2lnbiUyMiUyMGFsdCUzRCUyMkxvZ28lMjBDYXNvJTIwZGUlMjBleGl0byUyMiUyMCUyRiUzRSUzQyUyRmElM0UlM0MlMkZsaSUzRSUwQSUyMCUyMCUyMCUyMCUyMCUyMCUzQ2xpJTNFJTNDYSUyMHRpdGxlJTNEJTIyTWFlZGVyQUclMjIlMjBpZCUzRCUyMiUyMiUyMHRhcmdldCUzRCUyMl9ibGFuayUyMiUzRSUzQ2ltZyUyMHNyYyUzRCUyMiUyRndwLWNvbnRlbnQlMkZ1cGxvYWRzJTJGbG9nby1tYWVkZXIucG5nJTIyJTIwdGl0bGUlM0QlMjJNYWVkZXJBRyUyMiUyMGFsdCUzRCUyMkxvZ28lMjBDYXNvJTIwZGUlMjBleGl0byUyMiUyMCUyRiUzRSUzQyUyRmElM0UlM0MlMkZsaSUzRSUwQSUyMCUyMCUyMCUyMCUyMCUyMCUzQ2xpJTIwY2xhc3MlM0QlMjJjYXNldGVzdCUyMiUzRSUzQ2ElMjB0aXRsZSUzRCUyMk5hdHVyYWwlMjBFbmdsaXNoJTIyJTIwaWQlM0QlMjJwb3BfbmF0dXJhbGVuZ2xpc2glMjIlMjB0YXJnZXQlM0QlMjJfYmxhbmslMjIlM0UlM0NpbWclMjBzcmMlM0QlMjIlMkZ3cC1jb250ZW50JTJGdXBsb2FkcyUyRnB1TkU5dS5wbmclMjIlMjB0aXRsZSUzRCUyMk5hdHVyYWwlMjBFbmdsaXNoJTIyJTIwYWx0JTNEJTIyTG9nbyUyMENhc28lMjBkZSUyMGV4aXRvJTIyJTIwJTJGJTNFJTNDJTJGYSUzRSUzQyUyRmxpJTNFJTBBJTIwJTIwJTIwJTIwJTIwJTIwJTNDbGklM0UlM0NhJTIwdGl0bGUlM0QlMjJPcm8lMjBWZXJkZSUyMEhvdGVscyUyMiUyMGlkJTNEJTIycG9wLW9yb3YlMjIlMjBocmVmJTNEJTIyJTIzJTIyJTIwdGFyZ2V0JTNEJTIyX2JsYW5rJTIyJTNFJTNDaW1nJTIwc3JjJTNEJTIyJTJGd3AtY29udGVudCUyRnVwbG9hZHMlMkZHcnVwby01NTAucG5nJTIyJTIwdGl0bGUlM0QlMjJPcm8lMjBWZXJkZSUyMEhvdGVscyUyMiUyMGFsdCUzRCUyMkxvZ28lMjBDYXNvJTIwZGUlMjBleGl0byUyMiUyMCUyRiUzRSUzQyUyRmElM0UlM0MlMkZsaSUzRSUwQSUyMCUyMCUyMCUyMCUyMCUyMCUzQ2xpJTNFJTNDYSUyMHRpdGxlJTNEJTIyUFNSTSUyMiUyMGlkJTNEJTIyJTIyJTIwdGFyZ2V0JTNEJTIyX2JsYW5rJTIyJTNFJTNDaW1nJTIwc3JjJTNEJTIyJTJGd3AtY29udGVudCUyRnVwbG9hZHMlMkZsb2dvLXBzcm0ucG5nJTIyJTIwdGl0bGUlM0QlMjJQU1JNJTIyJTIwYWx0JTNEJTIyTG9nbyUyMENhc28lMjBkZSUyMGV4aXRvJTIyJTIwJTJGJTNFJTNDJTJGYSUzRSUzQyUyRmxpJTNFJTBBJTIwJTIwJTIwJTIwJTIwJTIwJTNDbGklM0UlM0NhJTIwdGl0bGUlM0QlMjJTYWx1ZCUyMFNBJTIyJTIwaWQlM0QlMjJwb3Bfc2FsdWRzYSUyMiUyMHRhcmdldCUzRCUyMl9ibGFuayUyMiUzRSUzQ2ltZyUyMHNyYyUzRCUyMiUyRndwLWNvbnRlbnQlMkZ1cGxvYWRzJTJGR3J1cG8tNTQ1LnBuZyUyMiUyMHRpdGxlJTNEJTIyU2FsdWQlMjBTQSUyMiUyMGFsdCUzRCUyMkxvZ28lMjBDYXNvJTIwZGUlMjBleGl0byUyMiUyMCUyRiUzRSUzQyUyRmElM0UlM0MlMkZsaSUzRSUwQSUyMCUyMCUyMCUyMCUyMCUyMCUzQ2xpJTNFJTNDYSUyMHRpdGxlJTNEJTIyVGF4aUFQUCUyMiUyMGlkJTNEJTIyJTIyJTIwdGFyZ2V0JTNEJTIyX2JsYW5rJTIyJTNFJTNDaW1nJTIwc3JjJTNEJTIyJTJGd3AtY29udGVudCUyRnVwbG9hZHMlMkZsb2dvLXRheGlhcHAucG5nJTIyJTIwdGl0bGUlM0QlMjJUYXhpQVBQJTIyJTIwYWx0JTNEJTIyTG9nbyUyMENhc28lMjBkZSUyMGV4aXRvJTIyJTIwJTJGJTNFJTNDJTJGYSUzRSUzQyUyRmxpJTNFJTBBJTIwJTIwJTIwJTIwJTIwJTIwJTNDbGklM0UlM0NhJTIwdGl0bGUlM0QlMjJURVZFTyUyMiUyMGlkJTNEJTIyJTIyJTIwdGFyZ2V0JTNEJTIyX2JsYW5rJTIyJTNFJTNDaW1nJTIwc3JjJTNEJTIyJTJGd3AtY29udGVudCUyRnVwbG9hZHMlMkZsb2dvLXRldmVvLnBuZyUyMiUyMHRpdGxlJTNEJTIyVEVWRU8lMjIlMjBhbHQlM0QlMjJMb2dvJTIwQ2FzbyUyMGRlJTIwZXhpdG8lMjIlMjAlMkYlM0UlM0MlMkZhJTNFJTNDJTJGbGklM0UlMEElMjAlMjAlMjAlMjAlMjAlMjAlM0NsaSUzRSUzQ2ElMjB0aXRsZSUzRCUyMlRvcEFzc2lzdGFudCUyMiUyMGlkJTNEJTIyJTIyJTIwdGFyZ2V0JTNEJTIyX2JsYW5rJTIyJTNFJTNDaW1nJTIwc3JjJTNEJTIyJTJGd3AtY29udGVudCUyRnVwbG9hZHMlMkZsb2dvLXRvcGFzc2lzdGFudC5wbmclMjIlMjB0aXRsZSUzRCUyMlRvcEFzc2lzdGFudCUyMiUyMGFsdCUzRCUyMkxvZ28lMjBDYXNvJTIwZGUlMjBleGl0byUyMiUyMCUyRiUzRSUzQyUyRmElM0UlM0MlMkZsaSUzRSUwQSUyMCUyMCUyMCUyMCUyMCUyMCUzQ2xpJTNFJTNDYSUyMHRpdGxlJTNEJTIyVFBHJTIyJTIwaWQlM0QlMjIlMjIlMjB0YXJnZXQlM0QlMjJfYmxhbmslMjIlM0UlM0NpbWclMjBzcmMlM0QlMjIlMkZ3cC1jb250ZW50JTJGdXBsb2FkcyUyRmxvZ28tdHBnLnBuZyUyMiUyMHRpdGxlJTNEJTIyVFBHJTIyJTIwYWx0JTNEJTIyTG9nbyUyMENhc28lMjBkZSUyMGV4aXRvJTIyJTIwJTJGJTNFJTNDJTJGYSUzRSUzQyUyRmxpJTNFJTBBJTIwJTIwJTIwJTIwJTIwJTIwJTNDbGklM0UlM0NhJTIwdGl0bGUlM0QlMjJUdSUyMFpvbmElMjBBUFAlMjIlMjBpZCUzRCUyMnBvcF90dXpvbmElMjIlMjB0YXJnZXQlM0QlMjJfYmxhbmslMjIlM0UlM0NpbWclMjBzcmMlM0QlMjIlMkZ3cC1jb250ZW50JTJGdXBsb2FkcyUyRkdydXBvLTEwNzM0LnBuZyUyMiUyMHRpdGxlJTNEJTIyVHUlMjBab25hJTIwQVBQJTIyJTIwYWx0JTNEJTIyTG9nbyUyMENhc28lMjBkZSUyMGV4aXRvJTIyJTIwJTJGJTNFJTNDJTJGYSUzRSUzQyUyRmxpJTNFJTBBJTIwJTIwJTIwJTIwJTIwJTIwJTNDbGklM0UlM0NhJTIwdGl0bGUlM0QlMjJYa2FsZSUyMiUyMGlkJTNEJTIyJTIyJTIwdGFyZ2V0JTNEJTIyX2JsYW5rJTIyJTNFJTNDaW1nJTIwc3JjJTNEJTIyJTJGd3AtY29udGVudCUyRnVwbG9hZHMlMkZsb2dvLXhrYWxlLnBuZyUyMiUyMHRpdGxlJTNEJTIyWGthbGUlMjIlMjBhbHQlM0QlMjJMb2dvJTIwQ2FzbyUyMGRlJTIwZXhpdG8lMjIlMjAlMkYlM0UlM0MlMkZhJTNFJTNDJTJGbGklM0UlMEElMjAlMjAlMjAlMjAlM0MlMkZ1bCUzRSUwQSUzQyUyRmRpdiUzRQ==[\/vc_raw_html][\/vc_column_inner][\/vc_row_inner][\/vc_column][\/vc_row][vc_row full_width=&#8220;stretch_row_content_no_spaces&#8220; el_class=&#8220;snapRow&#8220; el_id=&#8220;Team&#8220; css=&#8220;.vc_custom_1734527197858{background-color: #E6E6E600 !important;}&#8220;][vc_column css=&#8220;.vc_custom_1734527292271{padding-top: 0px !important;background-color: #E6E6E6 !important;}&#8220;][vc_column_text css=&#8220;.vc_custom_1734527209175{background-color: #E6E6E6 !important;}&#8220; el_class=&#8220;tq&#8211;primaryColor tq&#8211;centerText tq&#8211;home_equipo&#8220;]<\/p>\n<h2 class=\"title tq--uppercase\">Unser Team<\/h2>\n<p>[\/vc_column_text][vc_single_image image=&#8220;26363&#8243; img_size=&#8220;full&#8220; onclick=&#8220;custom_link&#8220; css=&#8220;&#8220; link=&#8220;\/de\/ueber-uns\/&#8220;][\/vc_column][\/vc_row][vc_row full_width=&#8220;stretch_row_content&#8220; el_class=&#8220;snapRow&#8220; css=&#8220;.vc_custom_1663615782273{padding-top: 60px !important;padding-bottom: 130px !important;}&#8220;][vc_column offset=&#8220;vc_col-md-offset-1 vc_col-md-10&#8243;][vc_column_text css=&#8220;&#8220; el_class=&#8220;tq&#8211;primaryColor tq&#8211;centerText&#8220;]<\/p>\n<h2 class=\"title tq--uppercase\">UNSER TECHSTACK<\/h2>\n<p>[\/vc_column_text][\/vc_column][vc_column css=&#8220;.vc_custom_1661798377260{padding-top: 0px !important;}&#8220; offset=&#8220;vc_col-md-offset-1 vc_col-md-10&#8243;][vc_single_image image=&#8220;69048&#8243; img_size=&#8220;full&#8220; alignment=&#8220;center&#8220; css=&#8220;&#8220; el_class=&#8220;multiply&#8220;][\/vc_column][\/vc_row][vc_row][vc_column][vc_raw_html css=&#8220;.vc_custom_1671805918327{margin-bottom: 0px !important;}&#8220;]JTVCcmNibG9jayUyMGlkJTNEJTIyMjIzMCUyMiU1RA==[\/vc_raw_html][\/vc_column][\/vc_row][vc_row full_width=&#8220;stretch_row_content_no_spaces&#8220; equal_height=&#8220;yes&#8220; content_placement=&#8220;middle&#8220; css=&#8220;.vc_custom_1657161270862{background-image: url(https:\/\/teamq.biz\/wp-content\/uploads\/home-sl-mainv2.jpg?id=121) !important;background-position: center !important;background-repeat: no-repeat !important;background-size: cover !important;}&#8220; el_class=&#8220;mainHero hide-all&#8220;][vc_column width=&#8220;5\/12&#8243; offset=&#8220;vc_col-xs-offset-1 vc_col-xs-10&#8243;][vc_empty_space height=&#8220;450px&#8220;][vc_column_text]<span class=\"subtitle tq--whiteColor\">Web development<\/span>[\/vc_column_text][\/vc_column][vc_column width=&#8220;1\/3&#8243; offset=&#8220;vc_col-sm-offset-1 vc_col-xs-offset-1 vc_col-xs-10&#8243;][vc_single_image image=&#8220;1520&#8243; img_size=&#8220;large&#8220;][\/vc_column][\/vc_row]<\/p>\n<\/div>","protected":false},"excerpt":{"rendered":"<p>[vc_row full_width=&#8220;stretch_row_content_no_spaces&#8220; equal_height=&#8220;yes&#8220; content_placement=&#8220;middle&#8220; css=&#8220;.vc_custom_1657161270862{background-image: url(https:\/\/teamq.biz\/wp-content\/uploads\/home-sl-mainv2.jpg?id=121) !important;background-position: center !important;background-repeat: no-repeat !important;background-size: cover !important;}&#8220; el_class=&#8220;mainHero hide-all&#8220;][vc_column width=&#8220;5\/12&#8243; offset=&#8220;vc_col-xs-offset-1 vc_col-xs-10&#8243;][vc_empty_space height=&#8220;450px&#8220;][vc_column_text]Webentwicklung[\/vc_column_text][\/vc_column][vc_column width=&#8220;1\/3&#8243; offset=&#8220;vc_col-sm-offset-1 vc_col-xs-offset-1 vc_col-xs-10&#8243;][vc_single_image image=&#8220;1520&#8243; img_size=&#8220;large&#8220;][\/vc_column][\/vc_row][vc_row el_class=&#8220;snapRow&#8220;][vc_column<span class=\"excerpt-hellip\"> [\u2026]<\/span><\/p>\n","protected":false},"author":3,"featured_media":0,"parent":0,"menu_order":0,"comment_status":"closed","ping_status":"closed","template":"","meta":{"_seopress_robots_primary_cat":"","_seopress_titles_title":"TeamQ. Agentur f\u00fcr Software- und Website-Entwicklung","_seopress_titles_desc":"Wir sind ein Programmier- und Webentwicklungsteam, wir sind auf Remote-Arbeit spezialisiert und betreuen Kunden \u00fcberall auf der Welt.","_seopress_robots_index":"","wpupg_custom_link":[],"wpupg_custom_link_behaviour":["default"],"wpupg_custom_link_nofollow":["default"],"wpupg_custom_image":[],"wpupg_custom_image_id":[],"footnotes":""},"categories":[],"tags":[],"class_list":["post-2188","page","type-page","status-publish","hentry"],"_links":{"self":[{"href":"https:\/\/teamq.biz\/de\/wp-json\/wp\/v2\/pages\/2188","targetHints":{"allow":["GET"]}}],"collection":[{"href":"https:\/\/teamq.biz\/de\/wp-json\/wp\/v2\/pages"}],"about":[{"href":"https:\/\/teamq.biz\/de\/wp-json\/wp\/v2\/types\/page"}],"author":[{"embeddable":true,"href":"https:\/\/teamq.biz\/de\/wp-json\/wp\/v2\/users\/3"}],"replies":[{"embeddable":true,"href":"https:\/\/teamq.biz\/de\/wp-json\/wp\/v2\/comments?post=2188"}],"version-history":[{"count":69,"href":"https:\/\/teamq.biz\/de\/wp-json\/wp\/v2\/pages\/2188\/revisions"}],"predecessor-version":[{"id":74526,"href":"https:\/\/teamq.biz\/de\/wp-json\/wp\/v2\/pages\/2188\/revisions\/74526"}],"wp:attachment":[{"href":"https:\/\/teamq.biz\/de\/wp-json\/wp\/v2\/media?parent=2188"}],"wp:term":[{"taxonomy":"category","embeddable":true,"href":"https:\/\/teamq.biz\/de\/wp-json\/wp\/v2\/categories?post=2188"},{"taxonomy":"post_tag","embeddable":true,"href":"https:\/\/teamq.biz\/de\/wp-json\/wp\/v2\/tags?post=2188"}],"curies":[{"name":"wp","href":"https:\/\/api.w.org\/{rel}","templated":true}]}}