{"id":2790,"date":"2022-12-22T16:17:26","date_gmt":"2022-12-22T16:17:26","guid":{"rendered":"https:\/\/teamq.biz\/?page_id=2790"},"modified":"2023-11-27T12:20:39","modified_gmt":"2023-11-27T12:20:39","slug":"datenschutz","status":"publish","type":"page","link":"https:\/\/teamq.biz\/de\/datenschutz\/","title":{"rendered":"Datenschutz"},"content":{"rendered":"<div class=\"wpb-content-wrapper\"><p>[vc_row full_width=&#8220;stretch_row_content_no_spaces&#8220; content_placement=&#8220;bottom&#8220; css=&#8220;.vc_custom_1671725038356{background-image: url(https:\/\/teamq.biz\/wp-content\/uploads\/Privacidad__banner.jpg?id=2797) !important;background-position: center !important;background-repeat: no-repeat !important;background-size: cover !important;}&#8220; el_class=&#8220;mainHero&#8220;][vc_column width=&#8220;1\/3&#8243; offset=&#8220;vc_col-lg-5 vc_col-md-offset-2 vc_col-sm-offset-1 vc_col-xs-offset-1 vc_col-xs-10&#8243;][vc_row_inner][vc_column_inner css=&#8220;.vc_custom_1661462766206{margin-top: 6% !important;}&#8220; offset=&#8220;vc_hidden-lg vc_hidden-md&#8220;][\/vc_column_inner][\/vc_row_inner][vc_row_inner][vc_column_inner css=&#8220;.vc_custom_1661462530567{margin-top: 36% !important;}&#8220; offset=&#8220;vc_hidden-sm vc_hidden-xs&#8220;][\/vc_column_inner][\/vc_row_inner][vc_column_text]<\/p>\n<h1 class=\"title tq--secondaryColor tq--uppercase\">Datenschutz<\/h1>\n<p>[\/vc_column_text][vc_row_inner][vc_column_inner offset=&#8220;vc_hidden-md vc_hidden-sm vc_hidden-xs&#8220; el_id=&#8220;space-information-title&#8220;][\/vc_column_inner][\/vc_row_inner][\/vc_column][vc_column el_class=&#8220;arrowBelow noMarginB&#8220;][vc_raw_html]JTNDYSUyMGhyZWYlM0QlMjIlMjNyb3ctZW50aWRhZGVzJTIyJTIwY2xhc3MlM0QlMjJzY3JvbGwlMjIlM0UlM0NpJTIwY2xhc3MlM0QlMjJmYSUyMGZhLWFuZ2xlLWRvd24lMjIlM0UlMjAlM0MlMkZpJTNFJTNDJTJGYSUzRQ==[\/vc_raw_html][\/vc_column][\/vc_row][vc_row full_width=&#8220;stretch_row_content&#8220; equal_height=&#8220;yes&#8220; content_placement=&#8220;middle&#8220; css=&#8220;.vc_custom_1671732616900{background-color: #e6e6e6 !important;}&#8220; el_id=&#8220;row-entidades&#8220;][vc_column width=&#8220;5\/6&#8243; offset=&#8220;vc_col-lg-offset-0 vc_col-lg-12 vc_col-md-offset-0 vc_col-md-12 vc_col-sm-offset-1&#8243; el_class=&#8220;tq&#8211;paddingM&#8220;][vc_column_text el_class=&#8220;tq&#8211;whiteColor tq&#8211;centerText&#8220;]<\/p>\n<p class=\"priv__color\" style=\"text-align: center;\"><strong>Verantwortliche Stelle:<\/strong><\/p>\n<p class=\"priv__color\"><strong>TeamQ Developers C\u00eda. Ltda.<\/strong><br \/>\nPasaje Pillahua No. 12 y Gonzalo Pizarro<br \/>\nTumbaco &#8211; 17018<br \/>\nQuito, Ecuador<\/p>\n<p class=\"priv__color\"><strong>E-Mail:<\/strong> info@teamq.biz<\/p>\n<p class=\"priv__color\"><strong>Ecuador:<\/strong> +593 9 870 67 611<br \/>\n<strong>Alemania:<\/strong> +49 176 290 26 434<br \/>\n<strong>Canad\u00e1:<\/strong> +1403 835 1810<\/p>\n<p>[\/vc_column_text][\/vc_column][\/vc_row][vc_row full_width=&#8220;stretch_row_content&#8220; equal_height=&#8220;yes&#8220; content_placement=&#8220;middle&#8220; css=&#8220;.vc_custom_1672872509527{background-color: #000000 !important;}&#8220; el_class=&#8220;p-left&#8220;][vc_column width=&#8220;5\/6&#8243; offset=&#8220;vc_col-lg-offset-1 vc_col-lg-10 vc_col-md-offset-1 vc_col-md-10 vc_col-sm-offset-1&#8243; el_class=&#8220;tq&#8211;paddingM&#8220;][vc_column_text el_class=&#8220;tq&#8211;whiteColor tq&#8211;centerText&#8220;]<\/p>\n<p class=\"tq-15\" style=\"text-align: justify;\"><strong>Datenverarbeitung<\/strong><\/p>\n<p class=\"tq-15\" style=\"text-align: justify;\">Der TeamQ Developers C\u00eda. Ltda. ist der Schutz Ihrer Daten wichtig. Die Erhebung und Verarbeitung erfolgt unter Beachtung s\u00e4mtlicher gesetzlicher Bestimmungen, insbesondere der gesetzlichen Bestimmungen des Telemediengesetzes (TMG) sowie des Bundesdatenschutzgesetzes (BDSG) und Europ\u00e4ischen-Datenschutz-Grundverordnung (EU-DSGVO). F\u00fcr gew\u00f6hnlich kann unsere Website auch ohne die Eingabe und\/oder Angabe personenbezogener Daten genutzt werden. Sofern auf unseren Seiten eine Erhebung personenbezogener Daten z. B. im Rahmen einer Online-Bewerbung oder im Rahmen der Einholung von Rechtsrat erfolgt, geschieht dies regelm\u00e4\u00dfig auf freiwilliger Basis. Zur Beantwortung Ihrer Anfragen und\/oder Bewerbungen werden die Daten zu diesen Zwecken und zu Ihrer technischen Administration erhoben und gespeichert. Etwaige Speicherungen werden f\u00fcr Dritte ausschlie\u00dflich unzug\u00e4nglich erfolgen.<\/p>\n<p class=\"tq-15\" style=\"text-align: left;\">Relevante personenbezogene Daten sind Personalien (Name, E-Mail \u2013Adresse und Telefonnummer).<\/p>\n<p class=\"tq-15\" style=\"text-align: left;\">Bei Aufruf unserer Website werden einige Informationen \u00fcbertragen, wie z.B. IP-Adresse, Typ und Version des verwendeten Webbrowsers, das verwendete Betriebssystem, die Webseite von der Sie gekommen sind die Uhrzeit der Abfrage. Diese Daten k\u00f6nnen von uns nicht dazu verwendet werden, den einzelnen Nutzer zu identifizieren.<\/p>\n<p class=\"tq-15\" style=\"text-align: left;\"><strong>Weitergabe<\/strong><\/p>\n<p class=\"tq-15\" style=\"text-align: left;\">Eine Weitergabe Ihrer Daten an Dritte wird nur erfolgen, soweit es zum Zwecke der Beantwortung Ihrer Anfragen und\/oder Bewerbungen erforderlich ist. Ihre Einwilligung ist jederzeit frei widerruflich. Unter keinen Umst\u00e4nden wird die TeamQ Developers C\u00eda. Ltda. Ihre Daten an Dritte weiterverkaufen.<\/p>\n<p class=\"tq-15\" style=\"text-align: justify;\"><strong>Ihre Rechte<\/strong><\/p>\n<p class=\"tq-15\" style=\"text-align: justify;\">Zum Zwecke der Auskunft und\/oder L\u00f6schung und\/oder Sperrung steht Ihnen ein kostenloser Auskunftsanspruch \u00fcber Ihre gespeicherten, personenbezogenen Daten, den Zweck der zugrundeliegenden Datenverarbeitung und -speicherung, deren Herkunft sowie Empf\u00e4nger zu. Kein Auskunftsrecht besteht, wenn die Informationen aus notwendigen Gr\u00fcnden, insbesondere wegen eines \u00fcberwiegenden berechtigten Interesses eines Dritten, geheim gehalten werden m\u00fcssen. Hiervon abweichend kann eine Pflicht zur Erteilung der Auskunft bestehen, wenn insbesondere unter Ber\u00fccksichtigung drohender Sch\u00e4den Ihre Interessen gegen\u00fcber dem Geheimhaltungsinteresse \u00fcberwiegen. Das Auskunftsrecht ist ferner ausgeschlossen, wenn die Daten nur deshalb gespeichert sind, weil sie aufgrund gesetzlicher oder satzungsm\u00e4\u00dfiger Aufbewahrungsfristen nicht gel\u00f6scht werden d\u00fcrfen oder ausschlie\u00dflich Zwecken der Datensicherung oder der Datenschutzkontrolle dienen, sofern die Auskunftserteilung einen unverh\u00e4ltnism\u00e4\u00dfig hohen Aufwand erfordern w\u00fcrde und die Verarbeitung zu anderen Zwecken durch geeignete technische und organisatorische Ma\u00dfnahmen ausgeschlossen ist. Sofern in Ihrem Fall das Auskunftsrecht nicht ausgeschlossen ist und Ihre personenbezogenen Daten von uns verarbeitet werden, k\u00f6nnen Sie von uns Auskunft \u00fcber folgende Informationen verlangen:<\/p>\n<ul class=\"priv__ul\" style=\"text-align: justify;\">\n<li>Zwecke der Verarbeitung,<\/li>\n<li>Kategorien der von Ihnen verarbeiteten personenbezogenen Daten,<\/li>\n<li>Empf\u00e4nger oder Kategorien von Empf\u00e4ngern, gegen\u00fcber denen Ihre personenbezogenen Daten offengelegt werden, falls m\u00f6glich die geplante Dauer, f\u00fcr die Ihre personenbezogenen Daten gespeichert werden oder, falls dies nicht m\u00f6glich ist, die Kriterien f\u00fcr die Festlegung der Speicherdauer,<\/li>\n<li>das Bestehen eines Rechts auf Berichtigung oder L\u00f6schung oder Einschr\u00e4nkung der Verarbeitung der Sie betreffenden personenbezogenen Daten oder eines Widerspruchsrechts gegen diese Verarbeitung,<\/li>\n<li>das Bestehen eines Beschwerderechts bei einer Aufsichtsbeh\u00f6rde f\u00fcr den Datenschutz,<\/li>\n<li>sofern die personenbezogenen Daten nicht bei Ihnen als betroffene Person erhoben worden sind, die verf\u00fcgbaren Informationen \u00fcber die Datenherkunft,<\/li>\n<li>ggf. das Bestehen einer automatisierten Entscheidungsfindung einschlie\u00dflich Profiling und aussagekr\u00e4ftige Informationen \u00fcber die involvierte Logik sowie die Tragweite und angestrebten Auswirkungen automatisierter Entscheidungsfindungen<\/li>\n<\/ul>\n<p class=\"tq-15\" style=\"text-align: justify;\">Dar\u00fcber hinaus steht Ihnen das Recht zu, nach Ma\u00dfgabe der gesetzlichen Bestimmungen die Berichtigung und\/oder L\u00f6schung und\/oder Sperrung Ihrer personenbezogenen Daten zu verlangen.<\/p>\n<p class=\"tq-15\" style=\"text-align: justify;\">Nutzen Sie hierzu gerne jederzeit die angegebenen Kontaktinformationen zur Kontaktaufnahme.<\/p>\n<p>[\/vc_column_text][\/vc_column][\/vc_row][vc_row][vc_column css=&#8220;.vc_custom_1661962467230{padding-top: 0px !important;}&#8220;][vc_raw_html css=&#8220;.vc_custom_1673055847949{margin-bottom: 0px !important;}&#8220;]JTVCcmNibG9jayUyMGlkJTNEJTIyMjIzMCUyMiU1RA==[\/vc_raw_html][\/vc_column][\/vc_row]<\/p>\n<\/div>","protected":false},"excerpt":{"rendered":"<p>[vc_row full_width=&#8220;stretch_row_content_no_spaces&#8220; content_placement=&#8220;bottom&#8220; css=&#8220;.vc_custom_1671725038356{background-image: url(https:\/\/teamq.biz\/wp-content\/uploads\/Privacidad__banner.jpg?id=2797) !important;background-position: center !important;background-repeat: no-repeat !important;background-size: cover !important;}&#8220; el_class=&#8220;mainHero&#8220;][vc_column width=&#8220;1\/3&#8243; offset=&#8220;vc_col-lg-5 vc_col-md-offset-2 vc_col-sm-offset-1 vc_col-xs-offset-1 vc_col-xs-10&#8243;][vc_row_inner][vc_column_inner css=&#8220;.vc_custom_1661462766206{margin-top: 6% !important;}&#8220; offset=&#8220;vc_hidden-lg vc_hidden-md&#8220;][\/vc_column_inner][\/vc_row_inner][vc_row_inner][vc_column_inner css=&#8220;.vc_custom_1661462530567{margin-top: 36%<span class=\"excerpt-hellip\"> [\u2026]<\/span><\/p>\n","protected":false},"author":7,"featured_media":0,"parent":0,"menu_order":0,"comment_status":"closed","ping_status":"closed","template":"","meta":{"_seopress_robots_primary_cat":"","_seopress_titles_title":"Datenschutzrichtlinien \u2013 TeamQ-Entwickler","_seopress_titles_desc":"Cookies werden verwendet, um die Interessen, das Verhalten und die Demografie der Besucher unserer Website zu verstehen.","_seopress_robots_index":"","wpupg_custom_link":[],"wpupg_custom_link_behaviour":["default"],"wpupg_custom_link_nofollow":[],"wpupg_custom_image":[],"wpupg_custom_image_id":[],"footnotes":""},"categories":[],"tags":[],"class_list":["post-2790","page","type-page","status-publish","hentry"],"_links":{"self":[{"href":"https:\/\/teamq.biz\/de\/wp-json\/wp\/v2\/pages\/2790","targetHints":{"allow":["GET"]}}],"collection":[{"href":"https:\/\/teamq.biz\/de\/wp-json\/wp\/v2\/pages"}],"about":[{"href":"https:\/\/teamq.biz\/de\/wp-json\/wp\/v2\/types\/page"}],"author":[{"embeddable":true,"href":"https:\/\/teamq.biz\/de\/wp-json\/wp\/v2\/users\/7"}],"replies":[{"embeddable":true,"href":"https:\/\/teamq.biz\/de\/wp-json\/wp\/v2\/comments?post=2790"}],"version-history":[{"count":11,"href":"https:\/\/teamq.biz\/de\/wp-json\/wp\/v2\/pages\/2790\/revisions"}],"predecessor-version":[{"id":15448,"href":"https:\/\/teamq.biz\/de\/wp-json\/wp\/v2\/pages\/2790\/revisions\/15448"}],"wp:attachment":[{"href":"https:\/\/teamq.biz\/de\/wp-json\/wp\/v2\/media?parent=2790"}],"wp:term":[{"taxonomy":"category","embeddable":true,"href":"https:\/\/teamq.biz\/de\/wp-json\/wp\/v2\/categories?post=2790"},{"taxonomy":"post_tag","embeddable":true,"href":"https:\/\/teamq.biz\/de\/wp-json\/wp\/v2\/tags?post=2790"}],"curies":[{"name":"wp","href":"https:\/\/api.w.org\/{rel}","templated":true}]}}